{"id":386,"date":"2020-07-14T10:02:58","date_gmt":"2020-07-14T10:02:58","guid":{"rendered":"http:\/\/plateriavarsoviensis.pl\/index.php\/what-we-do\/"},"modified":"2024-12-05T15:02:13","modified_gmt":"2024-12-05T14:02:13","slug":"jak-dolaczyc","status":"publish","type":"page","link":"https:\/\/plateriavarsoviensis.pl\/?page_id=386","title":{"rendered":"Jak do\u0142\u0105czy\u0107?"},"content":{"rendered":"\t\t<div data-elementor-type=\"wp-page\" data-elementor-id=\"386\" class=\"elementor elementor-386\">\n\t\t\t\t\t\t<section class=\"elementor-section elementor-top-section elementor-element elementor-element-ca714af elementor-section-height-min-height elementor-section-content-bottom elementor-section-items-bottom elementor-section-boxed elementor-section-height-default\" data-id=\"ca714af\" data-element_type=\"section\" data-e-type=\"section\" data-settings=\"{&quot;background_background&quot;:&quot;gradient&quot;}\">\n\t\t\t\t\t\t\t<div class=\"elementor-background-overlay\"><\/div>\n\t\t\t\t\t\t\t<div class=\"elementor-container elementor-column-gap-no\">\n\t\t\t\t\t<div class=\"elementor-column elementor-col-100 elementor-top-column elementor-element elementor-element-2d2830d\" data-id=\"2d2830d\" data-element_type=\"column\" data-e-type=\"column\">\n\t\t\t<div class=\"elementor-widget-wrap elementor-element-populated\">\n\t\t\t\t\t\t<div class=\"elementor-element elementor-element-4538aff elementor-widget elementor-widget-heading\" data-id=\"4538aff\" data-element_type=\"widget\" data-e-type=\"widget\" data-widget_type=\"heading.default\">\n\t\t\t\t<div class=\"elementor-widget-container\">\n\t\t\t\t\t<h6 class=\"elementor-heading-title elementor-size-default\">Kilka s\u0142\u00f3w o tym<\/h6>\t\t\t\t<\/div>\n\t\t\t\t<\/div>\n\t\t\t\t<div class=\"elementor-element elementor-element-ece90bc elementor-widget elementor-widget-heading\" data-id=\"ece90bc\" data-element_type=\"widget\" data-e-type=\"widget\" data-widget_type=\"heading.default\">\n\t\t\t\t<div class=\"elementor-widget-container\">\n\t\t\t\t\t<h1 class=\"elementor-heading-title elementor-size-default\">jak do nas do\u0142\u0105czy\u0107?<\/h1>\t\t\t\t<\/div>\n\t\t\t\t<\/div>\n\t\t\t\t\t<\/div>\n\t\t<\/div>\n\t\t\t\t\t<\/div>\n\t\t<\/section>\n\t\t\t\t<section class=\"elementor-section elementor-top-section elementor-element elementor-element-d9ff5bd elementor-section-boxed elementor-section-height-default elementor-section-height-default\" data-id=\"d9ff5bd\" data-element_type=\"section\" data-e-type=\"section\" data-settings=\"{&quot;background_background&quot;:&quot;classic&quot;}\">\n\t\t\t\t\t\t\t<div class=\"elementor-background-overlay\"><\/div>\n\t\t\t\t\t\t\t<div class=\"elementor-container elementor-column-gap-no\">\n\t\t\t\t\t<div class=\"elementor-column elementor-col-100 elementor-top-column elementor-element elementor-element-c27aed2\" data-id=\"c27aed2\" data-element_type=\"column\" data-e-type=\"column\">\n\t\t\t<div class=\"elementor-widget-wrap elementor-element-populated\">\n\t\t\t\t\t\t<div class=\"elementor-element elementor-element-8207506 elementor-widget elementor-widget-heading\" data-id=\"8207506\" data-element_type=\"widget\" data-e-type=\"widget\" data-widget_type=\"heading.default\">\n\t\t\t\t<div class=\"elementor-widget-container\">\n\t\t\t\t\t<h6 class=\"elementor-heading-title elementor-size-default\">jako Plateria Varsoviensis<\/h6>\t\t\t\t<\/div>\n\t\t\t\t<\/div>\n\t\t\t\t<div class=\"elementor-element elementor-element-3d9fd31 elementor-widget elementor-widget-heading\" data-id=\"3d9fd31\" data-element_type=\"widget\" data-e-type=\"widget\" data-widget_type=\"heading.default\">\n\t\t\t\t<div class=\"elementor-widget-container\">\n\t\t\t\t\t<h2 class=\"elementor-heading-title elementor-size-default\">skupiamy studentki warszawskich uczelni<\/h2>\t\t\t\t<\/div>\n\t\t\t\t<\/div>\n\t\t\t\t<div class=\"elementor-element elementor-element-36e190f elementor-widget-divider--view-line elementor-widget elementor-widget-divider\" data-id=\"36e190f\" data-element_type=\"widget\" data-e-type=\"widget\" data-widget_type=\"divider.default\">\n\t\t\t\t<div class=\"elementor-widget-container\">\n\t\t\t\t\t\t\t<div class=\"elementor-divider\">\n\t\t\t<span class=\"elementor-divider-separator\">\n\t\t\t\t\t\t<\/span>\n\t\t<\/div>\n\t\t\t\t\t\t<\/div>\n\t\t\t\t<\/div>\n\t\t\t\t<div class=\"elementor-element elementor-element-6b374d6 elementor-widget elementor-widget-text-editor\" data-id=\"6b374d6\" data-element_type=\"widget\" data-e-type=\"widget\" data-widget_type=\"text-editor.default\">\n\t\t\t\t<div class=\"elementor-widget-container\">\n\t\t\t\t\t\t\t\t\t<p>dla kt\u00f3rych wa\u017cne s\u0105 warto\u015bci patriotyczne. Tworzymy razem wsp\u00f3ln\u0105 przestrze\u0144 do wychowania na poziomie intelektualnym, etycznym oraz estetycznym. W\u015br\u00f3d cz\u0142onki\u0144 zawi\u0105zuje si\u0119 przyja\u017a\u0144, kt\u00f3ra jest fundamentem korporacji, opartej na ca\u0142kowitym zaufaniu oraz wzajemnej pomocy.<\/p>\t\t\t\t\t\t\t\t<\/div>\n\t\t\t\t<\/div>\n\t\t\t\t\t<\/div>\n\t\t<\/div>\n\t\t\t\t\t<\/div>\n\t\t<\/section>\n\t\t\t\t<section class=\"elementor-section elementor-top-section elementor-element elementor-element-0f5bed1 elementor-section-boxed elementor-section-height-default elementor-section-height-default\" data-id=\"0f5bed1\" data-element_type=\"section\" data-e-type=\"section\" data-settings=\"{&quot;background_background&quot;:&quot;classic&quot;}\">\n\t\t\t\t\t\t\t<div class=\"elementor-background-overlay\"><\/div>\n\t\t\t\t\t\t\t<div class=\"elementor-container elementor-column-gap-no\">\n\t\t\t\t\t<div class=\"elementor-column elementor-col-50 elementor-top-column elementor-element elementor-element-8f9c409\" data-id=\"8f9c409\" data-element_type=\"column\" data-e-type=\"column\">\n\t\t\t<div class=\"elementor-widget-wrap elementor-element-populated\">\n\t\t\t\t\t\t<div class=\"elementor-element elementor-element-ef66ded elementor-widget elementor-widget-image\" data-id=\"ef66ded\" data-element_type=\"widget\" data-e-type=\"widget\" data-widget_type=\"image.default\">\n\t\t\t\t<div class=\"elementor-widget-container\">\n\t\t\t\t\t\t\t\t\t\t\t\t\t\t\t\t<a href=\"#\">\n\t\t\t\t\t\t\t<img fetchpriority=\"high\" decoding=\"async\" width=\"2048\" height=\"1365\" src=\"https:\/\/plateriavarsoviensis.pl\/wp-content\/uploads\/2023\/09\/Plateria-7291.jpg\" class=\"attachment-full size-full wp-image-1028\" alt=\"\" srcset=\"https:\/\/plateriavarsoviensis.pl\/wp-content\/uploads\/2023\/09\/Plateria-7291.jpg 2048w, https:\/\/plateriavarsoviensis.pl\/wp-content\/uploads\/2023\/09\/Plateria-7291-300x200.jpg 300w, https:\/\/plateriavarsoviensis.pl\/wp-content\/uploads\/2023\/09\/Plateria-7291-1024x683.jpg 1024w, https:\/\/plateriavarsoviensis.pl\/wp-content\/uploads\/2023\/09\/Plateria-7291-768x512.jpg 768w, https:\/\/plateriavarsoviensis.pl\/wp-content\/uploads\/2023\/09\/Plateria-7291-1536x1024.jpg 1536w\" sizes=\"(max-width: 2048px) 100vw, 2048px\" \/>\t\t\t\t\t\t\t\t<\/a>\n\t\t\t\t\t\t\t\t\t\t\t\t\t\t\t<\/div>\n\t\t\t\t<\/div>\n\t\t\t\t<div class=\"elementor-element elementor-element-4b3c665 elementor-widget elementor-widget-heading\" data-id=\"4b3c665\" data-element_type=\"widget\" data-e-type=\"widget\" data-widget_type=\"heading.default\">\n\t\t\t\t<div class=\"elementor-widget-container\">\n\t\t\t\t\t<h6 class=\"elementor-heading-title elementor-size-default\">Spotkania otwarte<\/h6>\t\t\t\t<\/div>\n\t\t\t\t<\/div>\n\t\t\t\t<div class=\"elementor-element elementor-element-d76e70e elementor-widget-divider--view-line elementor-widget elementor-widget-divider\" data-id=\"d76e70e\" data-element_type=\"widget\" data-e-type=\"widget\" data-widget_type=\"divider.default\">\n\t\t\t\t<div class=\"elementor-widget-container\">\n\t\t\t\t\t\t\t<div class=\"elementor-divider\">\n\t\t\t<span class=\"elementor-divider-separator\">\n\t\t\t\t\t\t<\/span>\n\t\t<\/div>\n\t\t\t\t\t\t<\/div>\n\t\t\t\t<\/div>\n\t\t\t\t<div class=\"elementor-element elementor-element-6353eff elementor-widget elementor-widget-heading\" data-id=\"6353eff\" data-element_type=\"widget\" data-e-type=\"widget\" data-widget_type=\"heading.default\">\n\t\t\t\t<div class=\"elementor-widget-container\">\n\t\t\t\t\t<h5 class=\"elementor-heading-title elementor-size-default\"><a href=\"#\">Czy ka\u017cdy mo\u017ce przyj\u015b\u0107 na nasze spotkanie?<\/a><\/h5>\t\t\t\t<\/div>\n\t\t\t\t<\/div>\n\t\t\t\t<div class=\"elementor-element elementor-element-d4ea4b5 elementor-widget elementor-widget-text-editor\" data-id=\"d4ea4b5\" data-element_type=\"widget\" data-e-type=\"widget\" data-widget_type=\"text-editor.default\">\n\t\t\t\t<div class=\"elementor-widget-container\">\n\t\t\t\t\t\t\t\t\t<p>Kandydatka mo\u017ce znale\u017a\u0107 si\u0119 w gronie korporacyjnym na dwa sposoby \u2013 mo\u017ce zosta\u0107 zaproszona na dowolne spotkanie p\u00f3\u0142otwarte Korporacji, lub przyj\u015b\u0107 na cykl spotka\u0144 otwartych dla kandydatek, organizowany dwa razy do roku.<\/p>\t\t\t\t\t\t\t\t<\/div>\n\t\t\t\t<\/div>\n\t\t\t\t\t<\/div>\n\t\t<\/div>\n\t\t\t\t<div class=\"elementor-column elementor-col-50 elementor-top-column elementor-element elementor-element-041f63b\" data-id=\"041f63b\" data-element_type=\"column\" data-e-type=\"column\">\n\t\t\t<div class=\"elementor-widget-wrap elementor-element-populated\">\n\t\t\t\t\t\t<div class=\"elementor-element elementor-element-c3348d5 elementor-widget elementor-widget-image\" data-id=\"c3348d5\" data-element_type=\"widget\" data-e-type=\"widget\" data-widget_type=\"image.default\">\n\t\t\t\t<div class=\"elementor-widget-container\">\n\t\t\t\t\t\t\t\t\t\t\t\t\t\t\t\t<a href=\"#\">\n\t\t\t\t\t\t\t<img decoding=\"async\" width=\"2048\" height=\"1365\" src=\"https:\/\/plateriavarsoviensis.pl\/wp-content\/uploads\/2023\/09\/Plateria-5655.jpg\" class=\"attachment-full size-full wp-image-1026\" alt=\"\" srcset=\"https:\/\/plateriavarsoviensis.pl\/wp-content\/uploads\/2023\/09\/Plateria-5655.jpg 2048w, https:\/\/plateriavarsoviensis.pl\/wp-content\/uploads\/2023\/09\/Plateria-5655-300x200.jpg 300w, https:\/\/plateriavarsoviensis.pl\/wp-content\/uploads\/2023\/09\/Plateria-5655-1024x683.jpg 1024w, https:\/\/plateriavarsoviensis.pl\/wp-content\/uploads\/2023\/09\/Plateria-5655-768x512.jpg 768w, https:\/\/plateriavarsoviensis.pl\/wp-content\/uploads\/2023\/09\/Plateria-5655-1536x1024.jpg 1536w\" sizes=\"(max-width: 2048px) 100vw, 2048px\" \/>\t\t\t\t\t\t\t\t<\/a>\n\t\t\t\t\t\t\t\t\t\t\t\t\t\t\t<\/div>\n\t\t\t\t<\/div>\n\t\t\t\t<div class=\"elementor-element elementor-element-e45b164 elementor-widget elementor-widget-heading\" data-id=\"e45b164\" data-element_type=\"widget\" data-e-type=\"widget\" data-widget_type=\"heading.default\">\n\t\t\t\t<div class=\"elementor-widget-container\">\n\t\t\t\t\t<h6 class=\"elementor-heading-title elementor-size-default\">Harmonogram<\/h6>\t\t\t\t<\/div>\n\t\t\t\t<\/div>\n\t\t\t\t<div class=\"elementor-element elementor-element-002b6a4 elementor-widget-divider--view-line elementor-widget elementor-widget-divider\" data-id=\"002b6a4\" data-element_type=\"widget\" data-e-type=\"widget\" data-widget_type=\"divider.default\">\n\t\t\t\t<div class=\"elementor-widget-container\">\n\t\t\t\t\t\t\t<div class=\"elementor-divider\">\n\t\t\t<span class=\"elementor-divider-separator\">\n\t\t\t\t\t\t<\/span>\n\t\t<\/div>\n\t\t\t\t\t\t<\/div>\n\t\t\t\t<\/div>\n\t\t\t\t<div class=\"elementor-element elementor-element-bdfbd6b elementor-widget elementor-widget-heading\" data-id=\"bdfbd6b\" data-element_type=\"widget\" data-e-type=\"widget\" data-widget_type=\"heading.default\">\n\t\t\t\t<div class=\"elementor-widget-container\">\n\t\t\t\t\t<h5 class=\"elementor-heading-title elementor-size-default\"><a href=\"#\">Gdzie znajd\u0119 informacje o spotkaniach otwartych?<\/a><\/h5>\t\t\t\t<\/div>\n\t\t\t\t<\/div>\n\t\t\t\t<div class=\"elementor-element elementor-element-b78e6c1 elementor-widget elementor-widget-text-editor\" data-id=\"b78e6c1\" data-element_type=\"widget\" data-e-type=\"widget\" data-widget_type=\"text-editor.default\">\n\t\t\t\t<div class=\"elementor-widget-container\">\n\t\t\t\t\t\t\t\t\t<p>Wszystkie informacje o planowanych wydarzeniach otwartych publikujemy w naszych social mediach, dlatego zach\u0119camy do \u015bledzenia nas na <a href=\"https:\/\/www.facebook.com\/plateriavarsoviensis\">Facebooku<\/a> i <a href=\"https:\/\/www.instagram.com\/plateriavarsoviensis\/\">Instagramie<\/a>.\u00a0<\/p>\t\t\t\t\t\t\t\t<\/div>\n\t\t\t\t<\/div>\n\t\t\t\t\t<\/div>\n\t\t<\/div>\n\t\t\t\t\t<\/div>\n\t\t<\/section>\n\t\t\t\t<section class=\"elementor-section elementor-top-section elementor-element elementor-element-68fe2b1 elementor-section-boxed elementor-section-height-default elementor-section-height-default\" data-id=\"68fe2b1\" data-element_type=\"section\" data-e-type=\"section\" data-settings=\"{&quot;background_background&quot;:&quot;classic&quot;}\">\n\t\t\t\t\t\t<div class=\"elementor-container elementor-column-gap-no\">\n\t\t\t\t\t<div class=\"elementor-column elementor-col-50 elementor-top-column elementor-element elementor-element-433222f\" data-id=\"433222f\" data-element_type=\"column\" data-e-type=\"column\">\n\t\t\t<div class=\"elementor-widget-wrap elementor-element-populated\">\n\t\t\t\t\t\t<div class=\"elementor-element elementor-element-51b0fef elementor-widget elementor-widget-image\" data-id=\"51b0fef\" data-element_type=\"widget\" data-e-type=\"widget\" data-widget_type=\"image.default\">\n\t\t\t\t<div class=\"elementor-widget-container\">\n\t\t\t\t\t\t\t\t\t\t\t\t\t\t\t\t<a href=\"#\">\n\t\t\t\t\t\t\t<img decoding=\"async\" width=\"2048\" height=\"1365\" src=\"https:\/\/plateriavarsoviensis.pl\/wp-content\/uploads\/2023\/09\/Plateria-7189.jpg\" class=\"attachment-full size-full wp-image-1030\" alt=\"\" srcset=\"https:\/\/plateriavarsoviensis.pl\/wp-content\/uploads\/2023\/09\/Plateria-7189.jpg 2048w, https:\/\/plateriavarsoviensis.pl\/wp-content\/uploads\/2023\/09\/Plateria-7189-300x200.jpg 300w, https:\/\/plateriavarsoviensis.pl\/wp-content\/uploads\/2023\/09\/Plateria-7189-1024x683.jpg 1024w, https:\/\/plateriavarsoviensis.pl\/wp-content\/uploads\/2023\/09\/Plateria-7189-768x512.jpg 768w, https:\/\/plateriavarsoviensis.pl\/wp-content\/uploads\/2023\/09\/Plateria-7189-1536x1024.jpg 1536w\" sizes=\"(max-width: 2048px) 100vw, 2048px\" \/>\t\t\t\t\t\t\t\t<\/a>\n\t\t\t\t\t\t\t\t\t\t\t\t\t\t\t<\/div>\n\t\t\t\t<\/div>\n\t\t\t\t<div class=\"elementor-element elementor-element-73eb60c elementor-widget elementor-widget-heading\" data-id=\"73eb60c\" data-element_type=\"widget\" data-e-type=\"widget\" data-widget_type=\"heading.default\">\n\t\t\t\t<div class=\"elementor-widget-container\">\n\t\t\t\t\t<h6 class=\"elementor-heading-title elementor-size-default\">Warto\u015bci<\/h6>\t\t\t\t<\/div>\n\t\t\t\t<\/div>\n\t\t\t\t<div class=\"elementor-element elementor-element-f7ffb5a elementor-widget-divider--view-line elementor-widget elementor-widget-divider\" data-id=\"f7ffb5a\" data-element_type=\"widget\" data-e-type=\"widget\" data-widget_type=\"divider.default\">\n\t\t\t\t<div class=\"elementor-widget-container\">\n\t\t\t\t\t\t\t<div class=\"elementor-divider\">\n\t\t\t<span class=\"elementor-divider-separator\">\n\t\t\t\t\t\t<\/span>\n\t\t<\/div>\n\t\t\t\t\t\t<\/div>\n\t\t\t\t<\/div>\n\t\t\t\t<div class=\"elementor-element elementor-element-2f2e395 elementor-widget elementor-widget-heading\" data-id=\"2f2e395\" data-element_type=\"widget\" data-e-type=\"widget\" data-widget_type=\"heading.default\">\n\t\t\t\t<div class=\"elementor-widget-container\">\n\t\t\t\t\t<h5 class=\"elementor-heading-title elementor-size-default\"><a href=\"#\">Jakie warunki nale\u017cy spe\u0142ni\u0107?<\/a><\/h5>\t\t\t\t<\/div>\n\t\t\t\t<\/div>\n\t\t\t\t<div class=\"elementor-element elementor-element-906a149 elementor-widget elementor-widget-text-editor\" data-id=\"906a149\" data-element_type=\"widget\" data-e-type=\"widget\" data-widget_type=\"text-editor.default\">\n\t\t\t\t<div class=\"elementor-widget-container\">\n\t\t\t\t\t\t\t\t\t<p>Kandydatka powinna by\u0107 studentk\u0105 jednej z warszawskich uczelni. Cenimy osoby posiadaj\u0105ce swoj\u0105 pasj\u0119, kt\u00f3re swoim \u017cyciem chc\u0105 pozytywnie wp\u0142ywa\u0107 na otoczenie. <\/p>\t\t\t\t\t\t\t\t<\/div>\n\t\t\t\t<\/div>\n\t\t\t\t\t<\/div>\n\t\t<\/div>\n\t\t\t\t<div class=\"elementor-column elementor-col-50 elementor-top-column elementor-element elementor-element-f1743a9\" data-id=\"f1743a9\" data-element_type=\"column\" data-e-type=\"column\">\n\t\t\t<div class=\"elementor-widget-wrap elementor-element-populated\">\n\t\t\t\t\t\t<div class=\"elementor-element elementor-element-3647caa elementor-widget elementor-widget-image\" data-id=\"3647caa\" data-element_type=\"widget\" data-e-type=\"widget\" data-widget_type=\"image.default\">\n\t\t\t\t<div class=\"elementor-widget-container\">\n\t\t\t\t\t\t\t\t\t\t\t\t\t\t\t\t<a href=\"#\">\n\t\t\t\t\t\t\t<img loading=\"lazy\" decoding=\"async\" width=\"2048\" height=\"1365\" src=\"https:\/\/plateriavarsoviensis.pl\/wp-content\/uploads\/2023\/09\/Plateria-5970.jpg\" class=\"attachment-full size-full wp-image-1025\" alt=\"\" srcset=\"https:\/\/plateriavarsoviensis.pl\/wp-content\/uploads\/2023\/09\/Plateria-5970.jpg 2048w, https:\/\/plateriavarsoviensis.pl\/wp-content\/uploads\/2023\/09\/Plateria-5970-300x200.jpg 300w, https:\/\/plateriavarsoviensis.pl\/wp-content\/uploads\/2023\/09\/Plateria-5970-1024x683.jpg 1024w, https:\/\/plateriavarsoviensis.pl\/wp-content\/uploads\/2023\/09\/Plateria-5970-768x512.jpg 768w, https:\/\/plateriavarsoviensis.pl\/wp-content\/uploads\/2023\/09\/Plateria-5970-1536x1024.jpg 1536w\" sizes=\"(max-width: 2048px) 100vw, 2048px\" \/>\t\t\t\t\t\t\t\t<\/a>\n\t\t\t\t\t\t\t\t\t\t\t\t\t\t\t<\/div>\n\t\t\t\t<\/div>\n\t\t\t\t<div class=\"elementor-element elementor-element-09259f9 elementor-widget elementor-widget-heading\" data-id=\"09259f9\" data-element_type=\"widget\" data-e-type=\"widget\" data-widget_type=\"heading.default\">\n\t\t\t\t<div class=\"elementor-widget-container\">\n\t\t\t\t\t<h6 class=\"elementor-heading-title elementor-size-default\">Przewodniczka<\/h6>\t\t\t\t<\/div>\n\t\t\t\t<\/div>\n\t\t\t\t<div class=\"elementor-element elementor-element-ad03412 elementor-widget-divider--view-line elementor-widget elementor-widget-divider\" data-id=\"ad03412\" data-element_type=\"widget\" data-e-type=\"widget\" data-widget_type=\"divider.default\">\n\t\t\t\t<div class=\"elementor-widget-container\">\n\t\t\t\t\t\t\t<div class=\"elementor-divider\">\n\t\t\t<span class=\"elementor-divider-separator\">\n\t\t\t\t\t\t<\/span>\n\t\t<\/div>\n\t\t\t\t\t\t<\/div>\n\t\t\t\t<\/div>\n\t\t\t\t<div class=\"elementor-element elementor-element-74f35b1 elementor-widget elementor-widget-heading\" data-id=\"74f35b1\" data-element_type=\"widget\" data-e-type=\"widget\" data-widget_type=\"heading.default\">\n\t\t\t\t<div class=\"elementor-widget-container\">\n\t\t\t\t\t<h5 class=\"elementor-heading-title elementor-size-default\"><a href=\"#\">Kim jest przewodniczka?<\/a><\/h5>\t\t\t\t<\/div>\n\t\t\t\t<\/div>\n\t\t\t\t<div class=\"elementor-element elementor-element-ece20ae elementor-widget elementor-widget-text-editor\" data-id=\"ece20ae\" data-element_type=\"widget\" data-e-type=\"widget\" data-widget_type=\"text-editor.default\">\n\t\t\t\t<div class=\"elementor-widget-container\">\n\t\t\t\t\t\t\t\t\t<p><span style=\"font-style: inherit; background-color: var( --e-global-color-astglobalcolor5 ); color: var(--ast-global-color-3);\">Przewodniczka jest specjalnie wybran\u0105 osob\u0105, kt\u00f3ra b\u0119dzie Ci towarzyszy\u0142a do momentu zostania barwiark\u0105. Jej zadaniem jest wprowadzanie nowych cz\u0142onki\u0144 (adeptek) do korporacji. Zazwyczaj poznasz j\u0105 na pierwszym spotkaniu.<\/span><\/p>\t\t\t\t\t\t\t\t<\/div>\n\t\t\t\t<\/div>\n\t\t\t\t\t<\/div>\n\t\t<\/div>\n\t\t\t\t\t<\/div>\n\t\t<\/section>\n\t\t\t\t<\/div>\n\t\t","protected":false},"excerpt":{"rendered":"<p>Kilka s\u0142\u00f3w o tym jak do nas do\u0142\u0105czy\u0107? jako Plateria Varsoviensis skupiamy studentki warszawskich uczelni dla kt\u00f3rych wa\u017cne s\u0105 warto\u015bci patriotyczne. Tworzymy razem wsp\u00f3ln\u0105 przestrze\u0144 do wychowania na poziomie intelektualnym, etycznym oraz estetycznym. W\u015br\u00f3d cz\u0142onki\u0144 zawi\u0105zuje si\u0119 przyja\u017a\u0144, kt\u00f3ra jest fundamentem korporacji, opartej na ca\u0142kowitym zaufaniu oraz wzajemnej pomocy. Spotkania otwarte Czy ka\u017cdy mo\u017ce przyj\u015b\u0107 [&hellip;]<\/p>\n","protected":false},"author":3,"featured_media":0,"parent":0,"menu_order":0,"comment_status":"closed","ping_status":"closed","template":"","meta":{"_uag_custom_page_level_css":"","site-sidebar-layout":"no-sidebar","site-content-layout":"page-builder","ast-site-content-layout":"default","site-content-style":"default","site-sidebar-style":"default","ast-global-header-display":"","ast-banner-title-visibility":"","ast-main-header-display":"","ast-hfb-above-header-display":"","ast-hfb-below-header-display":"","ast-hfb-mobile-header-display":"","site-post-title":"disabled","ast-breadcrumbs-content":"disabled","ast-featured-img":"disabled","footer-sml-layout":"","ast-disable-related-posts":"","theme-transparent-header-meta":"enabled","adv-header-id-meta":"","stick-header-meta":"","header-above-stick-meta":"","header-main-stick-meta":"","header-below-stick-meta":"","astra-migrate-meta-layouts":"default","ast-page-background-enabled":"default","ast-page-background-meta":{"desktop":{"background-color":"var(--ast-global-color-4)","background-image":"","background-repeat":"repeat","background-position":"center center","background-size":"auto","background-attachment":"scroll","background-type":"","background-media":"","overlay-type":"","overlay-color":"","overlay-opacity":"","overlay-gradient":""},"tablet":{"background-color":"","background-image":"","background-repeat":"repeat","background-position":"center center","background-size":"auto","background-attachment":"scroll","background-type":"","background-media":"","overlay-type":"","overlay-color":"","overlay-opacity":"","overlay-gradient":""},"mobile":{"background-color":"","background-image":"","background-repeat":"repeat","background-position":"center center","background-size":"auto","background-attachment":"scroll","background-type":"","background-media":"","overlay-type":"","overlay-color":"","overlay-opacity":"","overlay-gradient":""}},"ast-content-background-meta":{"desktop":{"background-color":"var(--ast-global-color-5)","background-image":"","background-repeat":"repeat","background-position":"center center","background-size":"auto","background-attachment":"scroll","background-type":"","background-media":"","overlay-type":"","overlay-color":"","overlay-opacity":"","overlay-gradient":""},"tablet":{"background-color":"var(--ast-global-color-5)","background-image":"","background-repeat":"repeat","background-position":"center center","background-size":"auto","background-attachment":"scroll","background-type":"","background-media":"","overlay-type":"","overlay-color":"","overlay-opacity":"","overlay-gradient":""},"mobile":{"background-color":"var(--ast-global-color-5)","background-image":"","background-repeat":"repeat","background-position":"center center","background-size":"auto","background-attachment":"scroll","background-type":"","background-media":"","overlay-type":"","overlay-color":"","overlay-opacity":"","overlay-gradient":""}},"footnotes":""},"class_list":["post-386","page","type-page","status-publish","hentry"],"uagb_featured_image_src":{"full":false,"thumbnail":false,"medium":false,"medium_large":false,"large":false,"1536x1536":false,"2048x2048":false},"uagb_author_info":{"display_name":"Zosia Pomes","author_link":"https:\/\/plateriavarsoviensis.pl\/?author=3"},"uagb_comment_info":0,"uagb_excerpt":"Kilka s\u0142\u00f3w o tym jak do nas do\u0142\u0105czy\u0107? jako Plateria Varsoviensis skupiamy studentki warszawskich uczelni dla kt\u00f3rych wa\u017cne s\u0105 warto\u015bci patriotyczne. Tworzymy razem wsp\u00f3ln\u0105 przestrze\u0144 do wychowania na poziomie intelektualnym, etycznym oraz estetycznym. W\u015br\u00f3d cz\u0142onki\u0144 zawi\u0105zuje si\u0119 przyja\u017a\u0144, kt\u00f3ra jest fundamentem korporacji, opartej na ca\u0142kowitym zaufaniu oraz wzajemnej pomocy. Spotkania otwarte Czy ka\u017cdy mo\u017ce przyj\u015b\u0107&hellip;","_links":{"self":[{"href":"https:\/\/plateriavarsoviensis.pl\/index.php?rest_route=\/wp\/v2\/pages\/386","targetHints":{"allow":["GET"]}}],"collection":[{"href":"https:\/\/plateriavarsoviensis.pl\/index.php?rest_route=\/wp\/v2\/pages"}],"about":[{"href":"https:\/\/plateriavarsoviensis.pl\/index.php?rest_route=\/wp\/v2\/types\/page"}],"author":[{"embeddable":true,"href":"https:\/\/plateriavarsoviensis.pl\/index.php?rest_route=\/wp\/v2\/users\/3"}],"replies":[{"embeddable":true,"href":"https:\/\/plateriavarsoviensis.pl\/index.php?rest_route=%2Fwp%2Fv2%2Fcomments&post=386"}],"version-history":[{"count":20,"href":"https:\/\/plateriavarsoviensis.pl\/index.php?rest_route=\/wp\/v2\/pages\/386\/revisions"}],"predecessor-version":[{"id":1226,"href":"https:\/\/plateriavarsoviensis.pl\/index.php?rest_route=\/wp\/v2\/pages\/386\/revisions\/1226"}],"wp:attachment":[{"href":"https:\/\/plateriavarsoviensis.pl\/index.php?rest_route=%2Fwp%2Fv2%2Fmedia&parent=386"}],"curies":[{"name":"wp","href":"https:\/\/api.w.org\/{rel}","templated":true}]}}