{"id":467,"date":"2021-08-25T05:39:27","date_gmt":"2021-08-25T05:39:27","guid":{"rendered":"http:\/\/plateriavarsoviensis.pl\/index.php\/services\/"},"modified":"2023-09-10T14:37:41","modified_gmt":"2023-09-10T14:37:41","slug":"spiewnik","status":"publish","type":"page","link":"https:\/\/plateriavarsoviensis.pl\/?page_id=467","title":{"rendered":"\u015apiewnik"},"content":{"rendered":"\t\t<div data-elementor-type=\"wp-page\" data-elementor-id=\"467\" class=\"elementor elementor-467\">\n\t\t\t\t\t\t<section class=\"elementor-section elementor-top-section elementor-element elementor-element-c8d1405 elementor-section-boxed elementor-section-height-default elementor-section-height-default\" data-id=\"c8d1405\" data-element_type=\"section\" data-e-type=\"section\" data-settings=\"{&quot;background_background&quot;:&quot;classic&quot;}\">\n\t\t\t\t\t\t<div class=\"elementor-container elementor-column-gap-no\">\n\t\t\t\t\t<div class=\"elementor-column elementor-col-100 elementor-top-column elementor-element elementor-element-6321077\" data-id=\"6321077\" data-element_type=\"column\" data-e-type=\"column\">\n\t\t\t<div class=\"elementor-widget-wrap elementor-element-populated\">\n\t\t\t\t\t\t<div class=\"elementor-element elementor-element-946f0e7 elementor-widget elementor-widget-heading\" data-id=\"946f0e7\" data-element_type=\"widget\" data-e-type=\"widget\" data-widget_type=\"heading.default\">\n\t\t\t\t<div class=\"elementor-widget-container\">\n\t\t\t\t\t<h6 class=\"elementor-heading-title elementor-size-default\">Platerski<\/h6>\t\t\t\t<\/div>\n\t\t\t\t<\/div>\n\t\t\t\t<div class=\"elementor-element elementor-element-c74a706 elementor-widget elementor-widget-heading\" data-id=\"c74a706\" data-element_type=\"widget\" data-e-type=\"widget\" data-widget_type=\"heading.default\">\n\t\t\t\t<div class=\"elementor-widget-container\">\n\t\t\t\t\t<h1 class=\"elementor-heading-title elementor-size-default\">\u015apiewnik<\/h1>\t\t\t\t<\/div>\n\t\t\t\t<\/div>\n\t\t\t\t<div class=\"elementor-element elementor-element-67af5d1 elementor-widget elementor-widget-text-editor\" data-id=\"67af5d1\" data-element_type=\"widget\" data-e-type=\"widget\" data-widget_type=\"text-editor.default\">\n\t\t\t\t<div class=\"elementor-widget-container\">\n\t\t\t\t\t\t\t\t\t<p>Tw\u00f3rczo\u015b\u0107 zwi\u0105zana z K! PV<\/p>\t\t\t\t\t\t\t\t<\/div>\n\t\t\t\t<\/div>\n\t\t\t\t\t<\/div>\n\t\t<\/div>\n\t\t\t\t\t<\/div>\n\t\t<\/section>\n\t\t\t\t<section class=\"elementor-section elementor-top-section elementor-element elementor-element-b2c8166 elementor-section-boxed elementor-section-height-default elementor-section-height-default\" data-id=\"b2c8166\" data-element_type=\"section\" data-e-type=\"section\" data-settings=\"{&quot;background_background&quot;:&quot;classic&quot;}\">\n\t\t\t\t\t\t<div class=\"elementor-container elementor-column-gap-no\">\n\t\t\t\t\t<div class=\"elementor-column elementor-col-100 elementor-top-column elementor-element elementor-element-64f65b7\" data-id=\"64f65b7\" data-element_type=\"column\" data-e-type=\"column\" data-settings=\"{&quot;background_background&quot;:&quot;classic&quot;}\">\n\t\t\t<div class=\"elementor-widget-wrap elementor-element-populated\">\n\t\t\t\t\t\t<section class=\"elementor-section elementor-inner-section elementor-element elementor-element-f52a145 elementor-section-boxed elementor-section-height-default elementor-section-height-default\" data-id=\"f52a145\" data-element_type=\"section\" data-e-type=\"section\" data-settings=\"{&quot;background_background&quot;:&quot;classic&quot;}\">\n\t\t\t\t\t\t<div class=\"elementor-container elementor-column-gap-no\">\n\t\t\t\t\t<div class=\"elementor-column elementor-col-33 elementor-inner-column elementor-element elementor-element-5609624\" data-id=\"5609624\" data-element_type=\"column\" data-e-type=\"column\">\n\t\t\t<div class=\"elementor-widget-wrap elementor-element-populated\">\n\t\t\t\t\t\t<div class=\"elementor-element elementor-element-3db43ca elementor-widget elementor-widget-heading\" data-id=\"3db43ca\" data-element_type=\"widget\" data-e-type=\"widget\" data-widget_type=\"heading.default\">\n\t\t\t\t<div class=\"elementor-widget-container\">\n\t\t\t\t\t<h6 class=\"elementor-heading-title elementor-size-default\">01.<\/h6>\t\t\t\t<\/div>\n\t\t\t\t<\/div>\n\t\t\t\t<div class=\"elementor-element elementor-element-b30518e elementor-widget elementor-widget-heading\" data-id=\"b30518e\" data-element_type=\"widget\" data-e-type=\"widget\" data-widget_type=\"heading.default\">\n\t\t\t\t<div class=\"elementor-widget-container\">\n\t\t\t\t\t<h4 class=\"elementor-heading-title elementor-size-default\">Pie\u015b\u0144 do barw<\/h4>\t\t\t\t<\/div>\n\t\t\t\t<\/div>\n\t\t\t\t<div class=\"elementor-element elementor-element-57ed850 elementor-widget elementor-widget-heading\" data-id=\"57ed850\" data-element_type=\"widget\" data-e-type=\"widget\" data-widget_type=\"heading.default\">\n\t\t\t\t<div class=\"elementor-widget-container\">\n\t\t\t\t\t<h6 class=\"elementor-heading-title elementor-size-default\">autor: Maciej Sygit<\/h6>\t\t\t\t<\/div>\n\t\t\t\t<\/div>\n\t\t\t\t<div class=\"elementor-element elementor-element-3091c17 elementor-widget elementor-widget-text-editor\" data-id=\"3091c17\" data-element_type=\"widget\" data-e-type=\"widget\" data-widget_type=\"text-editor.default\">\n\t\t\t\t<div class=\"elementor-widget-container\">\n\t\t\t\t\t\t\t\t\t<p>Zn\u00f3w Emiliowe \u0142opoc\u0105 proporce,<br \/>Nie zgas\u0142a ca\u0142kiem ochota!<br \/>Z tych to sztandar\u00f3w czerpa\u0107 nam wzorce,<br \/>Z czerwieni, bieli i z\u0142ota!<\/p><p>Pierwsza jest czerwie\u0144 &#8211; symbol mi\u0142o\u015bci<br \/>Ojczystej, siostrzanej, matczynej.<br \/>Ona wci\u0105\u017c daje, sobie nie ro\u015bci,<br \/>Wybacza ka\u017cd\u0105 przewin\u0119.<\/p><p>Druga z kolei biel \u015bnie\u017cno czysta,<br \/>Niczym najlepsza ze zbroi,<br \/>Dobrych intencji to rzeka bystra,<br \/>Kt\u00f3ra ufno\u015bci\u0105 napoi.<\/p><p>Z\u0142oto ostatnie nas podtrzymuje<br \/>Niczym fundament prastary,<br \/>W nim to si\u0119 nasza sta\u0142o\u015b\u0107 wykuje<br \/>I wskrzesi w nas iskry wiary.<\/p><p>Nie raz te sztandary jeszcze zawiej\u0105<br \/>Z\u0142otem, biel\u0105, czerwieni\u0105,<br \/>Pod tym to znakiem serca si\u0119 \u015bmiej\u0105,<br \/>Tymi barwami si\u0119 mieni\u0105!<\/p><p>\u00a0<\/p>\t\t\t\t\t\t\t\t<\/div>\n\t\t\t\t<\/div>\n\t\t\t\t\t<\/div>\n\t\t<\/div>\n\t\t\t\t<div class=\"elementor-column elementor-col-33 elementor-inner-column elementor-element elementor-element-1363384\" data-id=\"1363384\" data-element_type=\"column\" data-e-type=\"column\">\n\t\t\t<div class=\"elementor-widget-wrap elementor-element-populated\">\n\t\t\t\t\t\t<div class=\"elementor-element elementor-element-abcabd9 elementor-widget elementor-widget-heading\" data-id=\"abcabd9\" data-element_type=\"widget\" data-e-type=\"widget\" data-widget_type=\"heading.default\">\n\t\t\t\t<div class=\"elementor-widget-container\">\n\t\t\t\t\t<h6 class=\"elementor-heading-title elementor-size-default\">02.<\/h6>\t\t\t\t<\/div>\n\t\t\t\t<\/div>\n\t\t\t\t<div class=\"elementor-element elementor-element-12b57d5 elementor-widget elementor-widget-heading\" data-id=\"12b57d5\" data-element_type=\"widget\" data-e-type=\"widget\" data-widget_type=\"heading.default\">\n\t\t\t\t<div class=\"elementor-widget-container\">\n\t\t\t\t\t<h4 class=\"elementor-heading-title elementor-size-default\">Gaudeamus igitur <\/h4>\t\t\t\t<\/div>\n\t\t\t\t<\/div>\n\t\t\t\t<div class=\"elementor-element elementor-element-dacb28c elementor-widget elementor-widget-text-editor\" data-id=\"dacb28c\" data-element_type=\"widget\" data-e-type=\"widget\" data-widget_type=\"text-editor.default\">\n\t\t\t\t<div class=\"elementor-widget-container\">\n\t\t\t\t\t\t\t\t\t<p>Gaudeamus igitur, iuvenes dum sumus;<br \/>Post iucundam iuventutem, post molestam senectutem,<br \/>Nos habebit humus.<\/p><p>Ubi sunt, qui ante nos in mundo fuere?<br \/>Vadite ad superos, transite ad inferos<br \/>Ubi iam fuere.<\/p><p>Vita nostra brevis est, brevi finietur;<br \/>Venit mors velociter, rapit nos atrociter,<br \/>Nemini parcetur<\/p><p>Vivat academia, vivant professores,<br \/>Vivat membrum quodlibet, vivant membra quaelibet,<br \/>Semper sint in flore<\/p><p>Vivat et respublica et qui illam regit,<br \/>Vivat nostra civitas, Maecenatum caritas,<br \/>Quae nos hic protegit!<\/p><p>Pereat tristitia, pereat osores,<br \/>Pereat diabolus, quivis antiburschius,<br \/>Atquae irrisores!<\/p>\t\t\t\t\t\t\t\t<\/div>\n\t\t\t\t<\/div>\n\t\t\t\t\t<\/div>\n\t\t<\/div>\n\t\t\t\t<div class=\"elementor-column elementor-col-33 elementor-inner-column elementor-element elementor-element-2c6100b\" data-id=\"2c6100b\" data-element_type=\"column\" data-e-type=\"column\">\n\t\t\t<div class=\"elementor-widget-wrap elementor-element-populated\">\n\t\t\t\t\t\t<div class=\"elementor-element elementor-element-dc62f93 elementor-widget elementor-widget-heading\" data-id=\"dc62f93\" data-element_type=\"widget\" data-e-type=\"widget\" data-widget_type=\"heading.default\">\n\t\t\t\t<div class=\"elementor-widget-container\">\n\t\t\t\t\t<h6 class=\"elementor-heading-title elementor-size-default\">03.<\/h6>\t\t\t\t<\/div>\n\t\t\t\t<\/div>\n\t\t\t\t<div class=\"elementor-element elementor-element-fe34661 elementor-widget elementor-widget-heading\" data-id=\"fe34661\" data-element_type=\"widget\" data-e-type=\"widget\" data-widget_type=\"heading.default\">\n\t\t\t\t<div class=\"elementor-widget-container\">\n\t\t\t\t\t<h4 class=\"elementor-heading-title elementor-size-default\">Hymn polski - Mazurek D\u0105browskiego<\/h4>\t\t\t\t<\/div>\n\t\t\t\t<\/div>\n\t\t\t\t<div class=\"elementor-element elementor-element-336c1c2 elementor-widget elementor-widget-text-editor\" data-id=\"336c1c2\" data-element_type=\"widget\" data-e-type=\"widget\" data-widget_type=\"text-editor.default\">\n\t\t\t\t<div class=\"elementor-widget-container\">\n\t\t\t\t\t\t\t\t\t<p>Jeszcze Polska nie zgin\u0119\u0142a,<br \/>Kiedy my \u017cyjemy.<br \/>Co nam obca przemoc wzi\u0119\u0142a,<br \/>Szabl\u0105 odbierzemy.<\/p><p>Marsz, marsz, D\u0105browski,<br \/>Z ziemi w\u0142oskiej do Polski.<br \/>Za twoim przewodem<br \/>Z\u0142\u0105czym si\u0119 z narodem.<\/p><p>Przejdziem Wis\u0142\u0119, przejdziem Wart\u0119,<br \/>B\u0119dziem Polakami.<br \/>Da\u0142 nam przyk\u0142ad Bonaparte,<br \/>Jak zwyci\u0119\u017ca\u0107 mamy.<\/p><p>Marsz, marsz, D\u0105browski&#8230;<\/p><p>Jak Czarniecki do Poznania<br \/>Po szwedzkim zaborze,<br \/>Dla ojczyzny ratowania<br \/>Wr\u00f3cim si\u0119 przez morze.<\/p><p>Marsz, marsz, D\u0105browski&#8230;<\/p><p>Ju\u017c tam ojciec do swej Basi<br \/>M\u00f3wi zap\u0142akany \u2013<br \/>S\u0142uchaj jeno, pono nasi<br \/>Bij\u0105 w tarabany.<\/p><p>Marsz, marsz, D\u0105browski&#8230;<\/p>\t\t\t\t\t\t\t\t<\/div>\n\t\t\t\t<\/div>\n\t\t\t\t\t<\/div>\n\t\t<\/div>\n\t\t\t\t\t<\/div>\n\t\t<\/section>\n\t\t\t\t<section class=\"elementor-section elementor-inner-section elementor-element elementor-element-348ca16 elementor-section-boxed elementor-section-height-default elementor-section-height-default\" data-id=\"348ca16\" data-element_type=\"section\" data-e-type=\"section\" data-settings=\"{&quot;background_background&quot;:&quot;classic&quot;}\">\n\t\t\t\t\t\t<div class=\"elementor-container elementor-column-gap-no\">\n\t\t\t\t\t<div class=\"elementor-column elementor-col-33 elementor-inner-column elementor-element elementor-element-c2a3410\" data-id=\"c2a3410\" data-element_type=\"column\" data-e-type=\"column\">\n\t\t\t<div class=\"elementor-widget-wrap elementor-element-populated\">\n\t\t\t\t\t\t<div class=\"elementor-element elementor-element-974022c elementor-widget elementor-widget-heading\" data-id=\"974022c\" data-element_type=\"widget\" data-e-type=\"widget\" data-widget_type=\"heading.default\">\n\t\t\t\t<div class=\"elementor-widget-container\">\n\t\t\t\t\t<h6 class=\"elementor-heading-title elementor-size-default\">04.<\/h6>\t\t\t\t<\/div>\n\t\t\t\t<\/div>\n\t\t\t\t<div class=\"elementor-element elementor-element-20307ae elementor-widget elementor-widget-heading\" data-id=\"20307ae\" data-element_type=\"widget\" data-e-type=\"widget\" data-widget_type=\"heading.default\">\n\t\t\t\t<div class=\"elementor-widget-container\">\n\t\t\t\t\t<h4 class=\"elementor-heading-title elementor-size-default\">Walc na sesj\u0119 zimow\u0105<\/h4>\t\t\t\t<\/div>\n\t\t\t\t<\/div>\n\t\t\t\t<div class=\"elementor-element elementor-element-71fd1c9 elementor-widget elementor-widget-heading\" data-id=\"71fd1c9\" data-element_type=\"widget\" data-e-type=\"widget\" data-widget_type=\"heading.default\">\n\t\t\t\t<div class=\"elementor-widget-container\">\n\t\t\t\t\t<h6 class=\"elementor-heading-title elementor-size-default\">Autorka: barw! Teres Radoszewska-Zako\u015bcielna<\/h6>\t\t\t\t<\/div>\n\t\t\t\t<\/div>\n\t\t\t\t<div class=\"elementor-element elementor-element-c5bf60e elementor-widget elementor-widget-text-editor\" data-id=\"c5bf60e\" data-element_type=\"widget\" data-e-type=\"widget\" data-widget_type=\"text-editor.default\">\n\t\t\t\t<div class=\"elementor-widget-container\">\n\t\t\t\t\t\t\t\t\t<p>Nowy rok si\u0119 zacz\u0105\u0142, wszystkie si\u0119 cieszymy, <br \/>\u017be znowu po \u015awi\u0119tach si\u0119 zobaczymy!<br \/>Lecz co to? O rety! To nie \u017cadne bzdety!<br \/>To sesja si\u0119 czai by nas \u017cywcem zje\u015b\u0107!<\/p><p>Ref. <br \/>A ja bym walca ta\u0144czy\u0142a, <br \/>Na kaw\u0119 chodzi\u0142a, <br \/>Z kole\u017cankami si\u0119 wina napi\u0142a, <br \/>Lecz sesja, nauka mnie w domu trzymaj\u0105, <br \/>O zabawie my\u015ble\u0107 nie pozwalaj\u0105.<\/p><p>Bo najwi\u0119cej imprez, jest przecie\u017c w karnawale, <br \/>Na wszystkie bym chodzi\u0142a i by\u0142oby wspaniale.<br \/>Ale potem zerkam do mego kalendarza, <br \/>I widz\u0119, \u017ce egzamin jest za dni ju\u017c pi\u0119\u0107!<\/p><p>Ref.<\/p><p>Na szcz\u0119\u015bcie dobry student zasad\u0119 z\u0142ot\u0105 zna, <br \/>\u017be ka\u017cde zaliczenie ma terminy dwa. <br \/>Wi\u0119c mimo tej nauki i tylu zalicze\u0144<br \/>Znajd\u0119 troch\u0119 czasu na wina kieliszek!<\/p><p>Ref. <br \/>Bo ja bym walca ta\u0144czy\u0142a, <br \/>Na kaw\u0119 chodzi\u0142a<br \/>Z kole\u017cankami si\u0119 wina napi\u0142a. <br \/>Hej kole\u017canki kieliszki w d\u0142o\u0144 prosz\u0119, <br \/>Za nasze egzaminy toast ten wznosz\u0119. <\/p>\t\t\t\t\t\t\t\t<\/div>\n\t\t\t\t<\/div>\n\t\t\t\t\t<\/div>\n\t\t<\/div>\n\t\t\t\t<div class=\"elementor-column elementor-col-33 elementor-inner-column elementor-element elementor-element-437b229\" data-id=\"437b229\" data-element_type=\"column\" data-e-type=\"column\">\n\t\t\t<div class=\"elementor-widget-wrap elementor-element-populated\">\n\t\t\t\t\t\t<div class=\"elementor-element elementor-element-3018d97 elementor-widget elementor-widget-heading\" data-id=\"3018d97\" data-element_type=\"widget\" data-e-type=\"widget\" data-widget_type=\"heading.default\">\n\t\t\t\t<div class=\"elementor-widget-container\">\n\t\t\t\t\t<h6 class=\"elementor-heading-title elementor-size-default\">05.<\/h6>\t\t\t\t<\/div>\n\t\t\t\t<\/div>\n\t\t\t\t<div class=\"elementor-element elementor-element-77b3f60 elementor-widget elementor-widget-heading\" data-id=\"77b3f60\" data-element_type=\"widget\" data-e-type=\"widget\" data-widget_type=\"heading.default\">\n\t\t\t\t<div class=\"elementor-widget-container\">\n\t\t\t\t\t<h4 class=\"elementor-heading-title elementor-size-default\">Lipka<\/h4>\t\t\t\t<\/div>\n\t\t\t\t<\/div>\n\t\t\t\t<div class=\"elementor-element elementor-element-bc1b7ff elementor-widget elementor-widget-text-editor\" data-id=\"bc1b7ff\" data-element_type=\"widget\" data-e-type=\"widget\" data-widget_type=\"text-editor.default\">\n\t\t\t\t<div class=\"elementor-widget-container\">\n\t\t\t\t\t\t\t\t\t<p>Z tamtej strony jeziora <br \/>Stoi lipka zielona <br \/>A na tej lipce, na tej zielonie\u0144kiej <br \/>Trzej ptaszkowie \u015bpiewaj\u0105 x2 <br \/><br \/>Nie byli to ptaszkowie <br \/>Tylko trzej braciszkowie <br \/>Co si\u0119 spierali o jedn\u0105 dziewczyn\u0119 <br \/>Kt\u00f3ry ci j\u0105 dostanie x2 <br \/><br \/>Jeden m\u00f3wi: \u201eTy\u015b moja&#8221; <br \/>Drugi m\u00f3wi: \u201eJak B\u00f3g da&#8221; <br \/>A trzeci m\u00f3wi: \u201eMoja najmilejsza <br \/>Czemu Ty\u015b mi taka smutna&#8221; x2<br \/><br \/>Jak\u017ce nie mam smutna by\u0107 <br \/>Za starego ka\u017c\u0105 i\u015b\u0107 <br \/>Czasu niewiele jeszcze dwie niedziele <br \/>Mog\u0119 mi\u0142y z Tob\u0105 by\u0107 x2 <br \/><br \/>Z tamtej strony jeziora <br \/>Stoi lipka zielona <br \/>A na tej lipce, na tej zielonie\u0144kiej <br \/>Trzej ptaszkowie \u015bpiewaj\u0105 x2<\/p>\t\t\t\t\t\t\t\t<\/div>\n\t\t\t\t<\/div>\n\t\t\t\t\t<\/div>\n\t\t<\/div>\n\t\t\t\t<div class=\"elementor-column elementor-col-33 elementor-inner-column elementor-element elementor-element-d53f84c\" data-id=\"d53f84c\" data-element_type=\"column\" data-e-type=\"column\">\n\t\t\t<div class=\"elementor-widget-wrap elementor-element-populated\">\n\t\t\t\t\t\t<div class=\"elementor-element elementor-element-854258b elementor-widget elementor-widget-heading\" data-id=\"854258b\" data-element_type=\"widget\" data-e-type=\"widget\" data-widget_type=\"heading.default\">\n\t\t\t\t<div class=\"elementor-widget-container\">\n\t\t\t\t\t<h6 class=\"elementor-heading-title elementor-size-default\">06.<\/h6>\t\t\t\t<\/div>\n\t\t\t\t<\/div>\n\t\t\t\t<div class=\"elementor-element elementor-element-bc3fb7d elementor-widget elementor-widget-heading\" data-id=\"bc3fb7d\" data-element_type=\"widget\" data-e-type=\"widget\" data-widget_type=\"heading.default\">\n\t\t\t\t<div class=\"elementor-widget-container\">\n\t\t\t\t\t<h4 class=\"elementor-heading-title elementor-size-default\">Gdy wieczorem wracam z pracy<\/h4>\t\t\t\t<\/div>\n\t\t\t\t<\/div>\n\t\t\t\t<div class=\"elementor-element elementor-element-aab72cc elementor-widget elementor-widget-heading\" data-id=\"aab72cc\" data-element_type=\"widget\" data-e-type=\"widget\" data-widget_type=\"heading.default\">\n\t\t\t\t<div class=\"elementor-widget-container\">\n\t\t\t\t\t<h6 class=\"elementor-heading-title elementor-size-default\">Autorka: Jadwiga Korecka-Go\u0142ubiec <\/h6>\t\t\t\t<\/div>\n\t\t\t\t<\/div>\n\t\t\t\t<div class=\"elementor-element elementor-element-fc6dcf8 elementor-widget elementor-widget-text-editor\" data-id=\"fc6dcf8\" data-element_type=\"widget\" data-e-type=\"widget\" data-widget_type=\"text-editor.default\">\n\t\t\t\t<div class=\"elementor-widget-container\">\n\t\t\t\t\t\t\t\t\t<p>Gdy wieczorem z pracy wracam<br \/>Nogi ci\u0119\u017ckie, g\u0142owa boli.<br \/>C\u00f3\u017c mi wr\u00f3ci ch\u0119\u0107 do \u017cycia?<br \/>C\u00f3\u017c mi nerwy uspokoi?<\/p><p>Mam ja \u015brodek niezawodny,<br \/>Co mi ul\u017cy w smutnej doli,<br \/>Jedna chwilka wypoczynku,<br \/>Dwie butelki Coca-Coli.<\/p><p>Gdy si\u0119 randka nie uda\u0142a,<br \/>I dziewczyna posz\u0142a sobie,<br \/>Nie rozpaczam desperacko,<br \/>I nie szukam wyj\u015bcia w grobie.<\/p><p>Znam ja \u015brodek niezawodny,<br \/>Co mi ul\u017cy w gorzkiej doli,<br \/>Tylko chwilka wypoczynku,<br \/>Dwie butelki Coca-Coli.<\/p><p>Agdy \u017cona ci\u0119 zam\u0119cza,<br \/>I zatruwa szcz\u0119\u015bcia chwile,<br \/>Dam ci rad\u0119 przyjacielsk\u0105,<br \/>By p\u0142yn\u0119\u0142o \u017cycie milej:<\/p><p>\u015arodek tani i dost\u0119pny,<br \/>Wi\u0119c niech serce ci nie boli,<br \/>Tylko wypij z namaszczeniem,<br \/>Dwie butelki Coca-Coli.<\/p><p>\u017be w\u00f3dka \u017cycie skraca,<br \/>I \u017ce po w\u00f3dce \u017ale,<br \/>\u017be w g\u0142owie si\u0119 przewraca,<br \/>To nawet dziecko wie.<\/p><p>Lecz zato Coca-Cola,<br \/>W\u0142a\u015bciwo\u015b\u0107 tak\u0105 ma,<br \/>\u017be robi w g\u0142owie ja\u015bniej,<br \/>I serce \u017cywiej drga.<br \/>Wi\u0119c tylko Coca-Cola,<br \/>Butelka, dwie lub trzy,<br \/>A poznasz rado\u015b\u0107 \u017cycia,<br \/>Szcz\u0119\u015bliwe poznasz dni.<\/p><p>\u017be piwo zdrowiu szkodzi,<br \/>I sercu bywa \u017ale,<br \/>Gdysz ty\u0107 zaczynasz bardzo,<br \/>To nawet dziecko wie.<\/p><p>Lecz zato Coca-Cola,<br \/>W\u0142a\u015bciwo\u015b\u0107 tak\u0105 ma,<br \/>\u017be robi w g\u0142owie ja\u015bniej,<br \/>I serce \u017cywiej drga.<br \/>Wi\u0119c tylko Coca-Cola,<br \/>Butelka, dwie lub trzy,<br \/>A poznasz rado\u015b\u0107 \u017cycia,<br \/>Szcz\u0119\u015bliwe poznasz dni.<\/p><p>Awoda jest bez smaku,<br \/>I pi\u0107 jej du\u017co &#8211; \u017ale,<br \/>Bo p\u0142uka\u0107 mo\u017cno \u0142achy,<br \/>Ale cz\u0142owieka &#8211; nie.<\/p><p>Lecz zato Coca-Cola,<br \/>W\u0142a\u015bciwo\u015b\u0107 tak\u0105 ma,<br \/>\u017be robi w g\u0142owie ja\u015bniej,<br \/>I serce \u017cywiej drga.<br \/>Wi\u0119c tylko Coca-Cola,<br \/>Butelka, dwie lub trzy,<br \/>A poznasz rado\u015b\u0107 \u017cycia,<br \/>Szcz\u0119\u015bliwe poznasz dni.<\/p>\t\t\t\t\t\t\t\t<\/div>\n\t\t\t\t<\/div>\n\t\t\t\t\t<\/div>\n\t\t<\/div>\n\t\t\t\t\t<\/div>\n\t\t<\/section>\n\t\t\t\t\t<\/div>\n\t\t<\/div>\n\t\t\t\t\t<\/div>\n\t\t<\/section>\n\t\t\t\t<\/div>\n\t\t","protected":false},"excerpt":{"rendered":"<p>Platerski \u015apiewnik Tw\u00f3rczo\u015b\u0107 zwi\u0105zana z K! PV 01. Pie\u015b\u0144 do barw autor: Maciej Sygit Zn\u00f3w Emiliowe \u0142opoc\u0105 proporce,Nie zgas\u0142a ca\u0142kiem ochota!Z tych to sztandar\u00f3w czerpa\u0107 nam wzorce,Z czerwieni, bieli i z\u0142ota! Pierwsza jest czerwie\u0144 &#8211; symbol mi\u0142o\u015bciOjczystej, siostrzanej, matczynej.Ona wci\u0105\u017c daje, sobie nie ro\u015bci,Wybacza ka\u017cd\u0105 przewin\u0119. Druga z kolei biel \u015bnie\u017cno czysta,Niczym najlepsza ze zbroi,Dobrych [&hellip;]<\/p>\n","protected":false},"author":1,"featured_media":0,"parent":0,"menu_order":0,"comment_status":"closed","ping_status":"closed","template":"","meta":{"_uag_custom_page_level_css":"","site-sidebar-layout":"no-sidebar","site-content-layout":"page-builder","ast-site-content-layout":"default","site-content-style":"default","site-sidebar-style":"default","ast-global-header-display":"","ast-banner-title-visibility":"","ast-main-header-display":"","ast-hfb-above-header-display":"","ast-hfb-below-header-display":"","ast-hfb-mobile-header-display":"","site-post-title":"disabled","ast-breadcrumbs-content":"disabled","ast-featured-img":"disabled","footer-sml-layout":"","ast-disable-related-posts":"","theme-transparent-header-meta":"enabled","adv-header-id-meta":"","stick-header-meta":"","header-above-stick-meta":"","header-main-stick-meta":"","header-below-stick-meta":"","astra-migrate-meta-layouts":"default","ast-page-background-enabled":"default","ast-page-background-meta":{"desktop":{"background-color":"var(--ast-global-color-4)","background-image":"","background-repeat":"repeat","background-position":"center center","background-size":"auto","background-attachment":"scroll","background-type":"","background-media":"","overlay-type":"","overlay-color":"","overlay-opacity":"","overlay-gradient":""},"tablet":{"background-color":"","background-image":"","background-repeat":"repeat","background-position":"center center","background-size":"auto","background-attachment":"scroll","background-type":"","background-media":"","overlay-type":"","overlay-color":"","overlay-opacity":"","overlay-gradient":""},"mobile":{"background-color":"","background-image":"","background-repeat":"repeat","background-position":"center center","background-size":"auto","background-attachment":"scroll","background-type":"","background-media":"","overlay-type":"","overlay-color":"","overlay-opacity":"","overlay-gradient":""}},"ast-content-background-meta":{"desktop":{"background-color":"var(--ast-global-color-5)","background-image":"","background-repeat":"repeat","background-position":"center center","background-size":"auto","background-attachment":"scroll","background-type":"","background-media":"","overlay-type":"","overlay-color":"","overlay-opacity":"","overlay-gradient":""},"tablet":{"background-color":"var(--ast-global-color-5)","background-image":"","background-repeat":"repeat","background-position":"center center","background-size":"auto","background-attachment":"scroll","background-type":"","background-media":"","overlay-type":"","overlay-color":"","overlay-opacity":"","overlay-gradient":""},"mobile":{"background-color":"var(--ast-global-color-5)","background-image":"","background-repeat":"repeat","background-position":"center center","background-size":"auto","background-attachment":"scroll","background-type":"","background-media":"","overlay-type":"","overlay-color":"","overlay-opacity":"","overlay-gradient":""}},"footnotes":""},"class_list":["post-467","page","type-page","status-publish","hentry"],"uagb_featured_image_src":{"full":false,"thumbnail":false,"medium":false,"medium_large":false,"large":false,"1536x1536":false,"2048x2048":false},"uagb_author_info":{"display_name":"Karolinana","author_link":"https:\/\/plateriavarsoviensis.pl\/?author=1"},"uagb_comment_info":0,"uagb_excerpt":"Platerski \u015apiewnik Tw\u00f3rczo\u015b\u0107 zwi\u0105zana z K! PV 01. Pie\u015b\u0144 do barw autor: Maciej Sygit Zn\u00f3w Emiliowe \u0142opoc\u0105 proporce,Nie zgas\u0142a ca\u0142kiem ochota!Z tych to sztandar\u00f3w czerpa\u0107 nam wzorce,Z czerwieni, bieli i z\u0142ota! Pierwsza jest czerwie\u0144 &#8211; symbol mi\u0142o\u015bciOjczystej, siostrzanej, matczynej.Ona wci\u0105\u017c daje, sobie nie ro\u015bci,Wybacza ka\u017cd\u0105 przewin\u0119. Druga z kolei biel \u015bnie\u017cno czysta,Niczym najlepsza ze zbroi,Dobrych&hellip;","_links":{"self":[{"href":"https:\/\/plateriavarsoviensis.pl\/index.php?rest_route=\/wp\/v2\/pages\/467","targetHints":{"allow":["GET"]}}],"collection":[{"href":"https:\/\/plateriavarsoviensis.pl\/index.php?rest_route=\/wp\/v2\/pages"}],"about":[{"href":"https:\/\/plateriavarsoviensis.pl\/index.php?rest_route=\/wp\/v2\/types\/page"}],"author":[{"embeddable":true,"href":"https:\/\/plateriavarsoviensis.pl\/index.php?rest_route=\/wp\/v2\/users\/1"}],"replies":[{"embeddable":true,"href":"https:\/\/plateriavarsoviensis.pl\/index.php?rest_route=%2Fwp%2Fv2%2Fcomments&post=467"}],"version-history":[{"count":8,"href":"https:\/\/plateriavarsoviensis.pl\/index.php?rest_route=\/wp\/v2\/pages\/467\/revisions"}],"predecessor-version":[{"id":1036,"href":"https:\/\/plateriavarsoviensis.pl\/index.php?rest_route=\/wp\/v2\/pages\/467\/revisions\/1036"}],"wp:attachment":[{"href":"https:\/\/plateriavarsoviensis.pl\/index.php?rest_route=%2Fwp%2Fv2%2Fmedia&parent=467"}],"curies":[{"name":"wp","href":"https:\/\/api.w.org\/{rel}","templated":true}]}}